{"id":1209,"date":"2024-05-28T15:47:41","date_gmt":"2024-05-28T13:47:41","guid":{"rendered":"https:\/\/ladyslab.com\/blog\/"},"modified":"2024-07-23T10:51:34","modified_gmt":"2024-07-23T08:51:34","slug":"blog","status":"publish","type":"page","link":"https:\/\/ladyslab.com\/de\/blog\/","title":{"rendered":"BLOG"},"content":{"rendered":"\t\t<div data-elementor-type=\"wp-page\" data-elementor-id=\"1209\" class=\"elementor elementor-1209 elementor-405\" data-elementor-post-type=\"page\">\n\t\t\t\t\t\t<section class=\"elementor-section elementor-top-section elementor-element elementor-element-4f62946 elementor-section-height-min-height elementor-section-boxed elementor-section-height-default elementor-section-items-middle\" data-id=\"4f62946\" data-element_type=\"section\" data-settings=\"{&quot;background_background&quot;:&quot;classic&quot;}\">\n\t\t\t\t\t\t\t<div class=\"elementor-background-overlay\"><\/div>\n\t\t\t\t\t\t\t<div class=\"elementor-container elementor-column-gap-default\">\n\t\t\t\t\t<div class=\"elementor-column elementor-col-100 elementor-top-column elementor-element elementor-element-51b7317\" data-id=\"51b7317\" data-element_type=\"column\">\n\t\t\t<div class=\"elementor-widget-wrap elementor-element-populated\">\n\t\t\t\t\t\t<div class=\"elementor-element elementor-element-0776b9c elementor-widget elementor-widget-heading\" data-id=\"0776b9c\" data-element_type=\"widget\" data-widget_type=\"heading.default\">\n\t\t\t\t<div class=\"elementor-widget-container\">\n\t\t\t\t\t<h2 class=\"elementor-heading-title elementor-size-default\">BLOG<\/h2>\t\t\t\t<\/div>\n\t\t\t\t<\/div>\n\t\t\t\t\t<\/div>\n\t\t<\/div>\n\t\t\t\t\t<\/div>\n\t\t<\/section>\n\t\t\t\t<section class=\"elementor-section elementor-top-section elementor-element elementor-element-4125615 elementor-section-height-min-height elementor-section-boxed elementor-section-height-default elementor-section-items-middle\" data-id=\"4125615\" data-element_type=\"section\" data-settings=\"{&quot;background_background&quot;:&quot;classic&quot;}\">\n\t\t\t\t\t\t<div class=\"elementor-container elementor-column-gap-default\">\n\t\t\t\t\t<div class=\"elementor-column elementor-col-100 elementor-top-column elementor-element elementor-element-d385f6d\" data-id=\"d385f6d\" data-element_type=\"column\">\n\t\t\t<div class=\"elementor-widget-wrap elementor-element-populated\">\n\t\t\t\t\t\t<div class=\"elementor-element elementor-element-f49ddf8 elementor-grid-eael-col-2 elementor-grid-tablet-eael-col-2 elementor-grid-mobile-eael-col-1 elementor-widget elementor-widget-eael-post-grid\" data-id=\"f49ddf8\" data-element_type=\"widget\" data-settings=\"{&quot;eael_post_grid_columns&quot;:&quot;eael-col-2&quot;,&quot;eael_post_grid_columns_tablet&quot;:&quot;eael-col-2&quot;,&quot;eael_post_grid_columns_mobile&quot;:&quot;eael-col-1&quot;}\" data-widget_type=\"eael-post-grid.default\">\n\t\t\t\t<div class=\"elementor-widget-container\">\n\t\t\t\t\t<div id=\"eael-post-grid-f49ddf8\" class=\"eael-post-grid-container\">\n            <div class=\"eael-post-grid eael-post-appender eael-post-appender-f49ddf8 eael-post-grid-style-one\" data-layout-mode=\"masonry\"><p class=\"no-posts-found\">No posts found!<\/p><\/div>\n            <div class=\"clearfix\"><\/div>\n        <\/div>\t\t\t\t<\/div>\n\t\t\t\t<\/div>\n\t\t\t\t\t<\/div>\n\t\t<\/div>\n\t\t\t\t\t<\/div>\n\t\t<\/section>\n\t\t\t\t<\/div>\n\t\t","protected":false},"excerpt":{"rendered":"<p>BLOG Sin categorizar Un Espacio para Todos: C\u00f3mo Lady&#8217;s Lab Promueve Un Espacio para Todos: C\u00f3mo Lady&#8217;s Lab&#8230; Weiterlesen 18 de junio de 2024 Sin categorizar Las mejores fiestas L\u00e9sbicas en Espa\u00f1aLas Mejores Fiestas Las Mejores Fiestas L\u00e9sbicas en Espa\u00f1a: Experiencias&#8230; Weiterlesen 18 de junio de 2024<\/p>\n","protected":false},"author":6,"featured_media":1386,"parent":0,"menu_order":0,"comment_status":"closed","ping_status":"closed","template":"","meta":{"footnotes":""},"class_list":["post-1209","page","type-page","status-publish","has-post-thumbnail","hentry"],"yoast_head":"<!-- This site is optimized with the Yoast SEO Premium plugin v20.11 (Yoast SEO v25.2) - https:\/\/yoast.com\/wordpress\/plugins\/seo\/ -->\n<title>BLOG - ladyslab<\/title>\n<meta name=\"description\" content=\"Die besten Lesbenpartys in Spanien: Unvergessliche Erlebnisse im Lady&#039;s Lab, Engagement f\u00fcr Sicherheit und Spa\u00df.\" \/>\n<meta name=\"robots\" content=\"index, follow, max-snippet:-1, max-image-preview:large, max-video-preview:-1\" \/>\n<link rel=\"canonical\" href=\"https:\/\/ladyslab.com\/de\/blog\/\" \/>\n<meta property=\"og:locale\" content=\"de_DE\" \/>\n<meta property=\"og:type\" content=\"article\" \/>\n<meta property=\"og:title\" content=\"BLOG\" \/>\n<meta property=\"og:description\" content=\"Die besten Lesbenpartys in Spanien: Unvergessliche Erlebnisse im Lady&#039;s Lab, Engagement f\u00fcr Sicherheit und Spa\u00df.\" \/>\n<meta property=\"og:url\" content=\"https:\/\/ladyslab.com\/de\/blog\/\" \/>\n<meta property=\"og:site_name\" content=\"ladyslab\" \/>\n<meta property=\"article:modified_time\" content=\"2024-07-23T08:51:34+00:00\" \/>\n<meta property=\"og:image\" content=\"https:\/\/ladyslab.com\/wp-content\/uploads\/2024\/06\/041_LadysLAB_191122-1.jpg\" \/>\n\t<meta property=\"og:image:width\" content=\"1500\" \/>\n\t<meta property=\"og:image:height\" content=\"937\" \/>\n\t<meta property=\"og:image:type\" content=\"image\/jpeg\" \/>\n<meta name=\"twitter:card\" content=\"summary_large_image\" \/>\n<script type=\"application\/ld+json\" class=\"yoast-schema-graph\">{\"@context\":\"https:\/\/schema.org\",\"@graph\":[{\"@type\":\"WebPage\",\"@id\":\"https:\/\/ladyslab.com\/de\/blog\/\",\"url\":\"https:\/\/ladyslab.com\/de\/blog\/\",\"name\":\"BLOG - ladyslab\",\"isPartOf\":{\"@id\":\"https:\/\/ladyslab.com\/#website\"},\"primaryImageOfPage\":{\"@id\":\"https:\/\/ladyslab.com\/de\/blog\/#primaryimage\"},\"image\":{\"@id\":\"https:\/\/ladyslab.com\/de\/blog\/#primaryimage\"},\"thumbnailUrl\":\"https:\/\/ladyslab.com\/wp-content\/uploads\/2024\/06\/041_LadysLAB_191122-1.jpg\",\"datePublished\":\"2024-05-28T13:47:41+00:00\",\"dateModified\":\"2024-07-23T08:51:34+00:00\",\"description\":\"Die besten Lesbenpartys in Spanien: Unvergessliche Erlebnisse im Lady's Lab, Engagement f\u00fcr Sicherheit und Spa\u00df.\",\"breadcrumb\":{\"@id\":\"https:\/\/ladyslab.com\/de\/blog\/#breadcrumb\"},\"inLanguage\":\"de\",\"potentialAction\":[{\"@type\":\"ReadAction\",\"target\":[\"https:\/\/ladyslab.com\/de\/blog\/\"]}]},{\"@type\":\"ImageObject\",\"inLanguage\":\"de\",\"@id\":\"https:\/\/ladyslab.com\/de\/blog\/#primaryimage\",\"url\":\"https:\/\/ladyslab.com\/wp-content\/uploads\/2024\/06\/041_LadysLAB_191122-1.jpg\",\"contentUrl\":\"https:\/\/ladyslab.com\/wp-content\/uploads\/2024\/06\/041_LadysLAB_191122-1.jpg\",\"width\":1500,\"height\":937},{\"@type\":\"BreadcrumbList\",\"@id\":\"https:\/\/ladyslab.com\/de\/blog\/#breadcrumb\",\"itemListElement\":[{\"@type\":\"ListItem\",\"position\":1,\"name\":\"Portada\",\"item\":\"https:\/\/ladyslab.com\/de\/anfang\/\"},{\"@type\":\"ListItem\",\"position\":2,\"name\":\"BLOG\"}]},{\"@type\":\"WebSite\",\"@id\":\"https:\/\/ladyslab.com\/#website\",\"url\":\"https:\/\/ladyslab.com\/\",\"name\":\"ladyslab\",\"description\":\"\",\"potentialAction\":[{\"@type\":\"SearchAction\",\"target\":{\"@type\":\"EntryPoint\",\"urlTemplate\":\"https:\/\/ladyslab.com\/?s={search_term_string}\"},\"query-input\":{\"@type\":\"PropertyValueSpecification\",\"valueRequired\":true,\"valueName\":\"search_term_string\"}}],\"inLanguage\":\"de\"}]}<\/script>\n<!-- \/ Yoast SEO Premium plugin. -->","yoast_head_json":{"title":"BLOG - ladyslab","description":"Die besten Lesbenpartys in Spanien: Unvergessliche Erlebnisse im Lady's Lab, Engagement f\u00fcr Sicherheit und Spa\u00df.","robots":{"index":"index","follow":"follow","max-snippet":"max-snippet:-1","max-image-preview":"max-image-preview:large","max-video-preview":"max-video-preview:-1"},"canonical":"https:\/\/ladyslab.com\/de\/blog\/","og_locale":"de_DE","og_type":"article","og_title":"BLOG","og_description":"Die besten Lesbenpartys in Spanien: Unvergessliche Erlebnisse im Lady's Lab, Engagement f\u00fcr Sicherheit und Spa\u00df.","og_url":"https:\/\/ladyslab.com\/de\/blog\/","og_site_name":"ladyslab","article_modified_time":"2024-07-23T08:51:34+00:00","og_image":[{"width":1500,"height":937,"url":"https:\/\/ladyslab.com\/wp-content\/uploads\/2024\/06\/041_LadysLAB_191122-1.jpg","type":"image\/jpeg"}],"twitter_card":"summary_large_image","schema":{"@context":"https:\/\/schema.org","@graph":[{"@type":"WebPage","@id":"https:\/\/ladyslab.com\/de\/blog\/","url":"https:\/\/ladyslab.com\/de\/blog\/","name":"BLOG - ladyslab","isPartOf":{"@id":"https:\/\/ladyslab.com\/#website"},"primaryImageOfPage":{"@id":"https:\/\/ladyslab.com\/de\/blog\/#primaryimage"},"image":{"@id":"https:\/\/ladyslab.com\/de\/blog\/#primaryimage"},"thumbnailUrl":"https:\/\/ladyslab.com\/wp-content\/uploads\/2024\/06\/041_LadysLAB_191122-1.jpg","datePublished":"2024-05-28T13:47:41+00:00","dateModified":"2024-07-23T08:51:34+00:00","description":"Die besten Lesbenpartys in Spanien: Unvergessliche Erlebnisse im Lady's Lab, Engagement f\u00fcr Sicherheit und Spa\u00df.","breadcrumb":{"@id":"https:\/\/ladyslab.com\/de\/blog\/#breadcrumb"},"inLanguage":"de","potentialAction":[{"@type":"ReadAction","target":["https:\/\/ladyslab.com\/de\/blog\/"]}]},{"@type":"ImageObject","inLanguage":"de","@id":"https:\/\/ladyslab.com\/de\/blog\/#primaryimage","url":"https:\/\/ladyslab.com\/wp-content\/uploads\/2024\/06\/041_LadysLAB_191122-1.jpg","contentUrl":"https:\/\/ladyslab.com\/wp-content\/uploads\/2024\/06\/041_LadysLAB_191122-1.jpg","width":1500,"height":937},{"@type":"BreadcrumbList","@id":"https:\/\/ladyslab.com\/de\/blog\/#breadcrumb","itemListElement":[{"@type":"ListItem","position":1,"name":"Portada","item":"https:\/\/ladyslab.com\/de\/anfang\/"},{"@type":"ListItem","position":2,"name":"BLOG"}]},{"@type":"WebSite","@id":"https:\/\/ladyslab.com\/#website","url":"https:\/\/ladyslab.com\/","name":"ladyslab","description":"","potentialAction":[{"@type":"SearchAction","target":{"@type":"EntryPoint","urlTemplate":"https:\/\/ladyslab.com\/?s={search_term_string}"},"query-input":{"@type":"PropertyValueSpecification","valueRequired":true,"valueName":"search_term_string"}}],"inLanguage":"de"}]}},"_links":{"self":[{"href":"https:\/\/ladyslab.com\/de\/wp-json\/wp\/v2\/pages\/1209","targetHints":{"allow":["GET"]}}],"collection":[{"href":"https:\/\/ladyslab.com\/de\/wp-json\/wp\/v2\/pages"}],"about":[{"href":"https:\/\/ladyslab.com\/de\/wp-json\/wp\/v2\/types\/page"}],"author":[{"embeddable":true,"href":"https:\/\/ladyslab.com\/de\/wp-json\/wp\/v2\/users\/6"}],"replies":[{"embeddable":true,"href":"https:\/\/ladyslab.com\/de\/wp-json\/wp\/v2\/comments?post=1209"}],"version-history":[{"count":2,"href":"https:\/\/ladyslab.com\/de\/wp-json\/wp\/v2\/pages\/1209\/revisions"}],"predecessor-version":[{"id":1523,"href":"https:\/\/ladyslab.com\/de\/wp-json\/wp\/v2\/pages\/1209\/revisions\/1523"}],"wp:featuredmedia":[{"embeddable":true,"href":"https:\/\/ladyslab.com\/de\/wp-json\/wp\/v2\/media\/1386"}],"wp:attachment":[{"href":"https:\/\/ladyslab.com\/de\/wp-json\/wp\/v2\/media?parent=1209"}],"curies":[{"name":"wp","href":"https:\/\/api.w.org\/{rel}","templated":true}]}}